{"id":2988,"date":"2017-10-10T15:44:54","date_gmt":"2017-10-10T13:44:54","guid":{"rendered":"https:\/\/www.aptsrl.com\/analizzatori\/prodotto\/cercafughe\/"},"modified":"2022-02-21T16:04:07","modified_gmt":"2022-02-21T15:04:07","slug":"leak-detector","status":"publish","type":"product","link":"https:\/\/www.aptsrl.com\/en\/product\/leak-detector\/","title":{"rendered":"Leak detector"},"content":{"rendered":"<p>[vc_row][vc_column][vc_column_text]<\/p>\n<p class=\"pull-left no-col\">Ideali per il rilevamento di perdite di gas negli impianti di riscaldamento e controllo temperature. I modelli GSP rilevano anche la pi\u00f9 piccola perdita nelle condutture ed in aree di difficile accesso.<\/p>\n<p class=\"pull-left no-col\">Il rilevatore GSP1 \u00e8 un sensore portatile con indicazione della concentrazione di perdite di gas in tubazioni cos\u00ec come nei raccordi, nelle connessioni, gasometri e serbatori gas infiammabili. Pu\u00f2 essere utilizzato come rilevatore di perdite di gas o di concentrazioni di gas in ambiente. Per l&#8217;utilizzo in aree di difficile accesso, il rilevatore \u00e8 dotato di sonda flessibile con sensore a semiconduttore. L&#8217;alta sensibilit\u00e0 del sensore permette di rilevare una vasta e differente gamma di gas come metano, propano e butano (calibrazione standard di base per metano). Concentazioni superiori a 2.000 ppm vengono indicate con un led luminoso, mentre quando la concentrazione di gas raggiunge 1% del volume, il rilevatore attiva un allarme sonoro e si spegne automaticamente se non viene premuto alcun pulsante entro 5 minuti e nessuna concentrazione superiore a 80 ppm viene rilevata entro i 5 minuti.<\/p>\n<p class=\"pull-left no-col\">Il rilevatore GSP3 \u00e8 un sensore portatile con indicazioni della concentrazione di perdite di gas in tubazioni cos\u00ec come nei raccordi, nelle connessioni, gasometri e serbatoi gas infiammabili. Il sensore rileva i seguenti gas: metano, butano, propano. Per rilevare la perdita il sensore deve essere posizionato dove \u00e8 potenzialmente presente. L&#8217;intensit\u00e0 del gas in uscita \u00e8 indicato da due LEDs. Il rilevatore attiva inoltre un allarme sonoro la cui frequenza \u00e8 proporzionale alla concentrazione di gas rilevata.<\/p>\n<p>[\/vc_column_text][\/vc_column][\/vc_row]<\/p>\n","protected":false},"excerpt":{"rendered":"<p>[vc_row][vc_column][vc_column_text] Ideali per il rilevamento di perdite di gas negli impianti di riscaldamento e controllo temperature. I modelli GSP rilevano anche la pi\u00f9 piccola perdita nelle condutture ed in aree di difficile accesso. Il rilevatore GSP1 \u00e8 un sensore portatile con indicazione della concentrazione di perdite di gas in tubazioni cos\u00ec come nei raccordi, nelle [&hellip;]<\/p>\n","protected":false},"featured_media":7068,"template":"","meta":{"_acf_changed":false},"product_cat":[423,455,452],"product_tag":[],"class_list":["post-2988","product","type-product","status-publish","has-post-thumbnail","hentry","product_cat-divisions","product_cat-gas-sniffer","product_cat-measuring-test-instruments"],"acf":[],"yoast_head":"<!-- This site is optimized with the Yoast SEO plugin v23.3 - https:\/\/yoast.com\/wordpress\/plugins\/seo\/ -->\n<title>Leak detector | APT Srl<\/title>\n<meta name=\"description\" content=\"Ideali per il rilevamento di perdite di gas negli impianti di riscaldamento e controllo temperature. I modelli GSP rilevano anche la pi\u00f9 piccola perdita\" \/>\n<meta name=\"robots\" content=\"index, follow, max-snippet:-1, max-image-preview:large, max-video-preview:-1\" \/>\n<link rel=\"canonical\" href=\"https:\/\/www.aptsrl.com\/product\/cercafughe\/\" \/>\n<meta property=\"og:locale\" content=\"en_US\" \/>\n<meta property=\"og:type\" content=\"article\" \/>\n<meta property=\"og:title\" content=\"Leak detector | APT Srl\" \/>\n<meta property=\"og:description\" content=\"Ideali per il rilevamento di perdite di gas negli impianti di riscaldamento e controllo temperature. I modelli GSP rilevano anche la pi\u00f9 piccola perdita\" \/>\n<meta property=\"og:url\" content=\"https:\/\/www.aptsrl.com\/product\/cercafughe\/\" \/>\n<meta property=\"og:site_name\" content=\"APT Srl\" \/>\n<meta property=\"article:modified_time\" content=\"2022-02-21T15:04:07+00:00\" \/>\n<meta property=\"og:image\" content=\"https:\/\/www.aptsrl.com\/analizzatori\/wp-content\/uploads\/2017\/10\/GSP4.jpg\" \/>\n\t<meta property=\"og:image:width\" content=\"640\" \/>\n\t<meta property=\"og:image:height\" content=\"530\" \/>\n\t<meta property=\"og:image:type\" content=\"image\/jpeg\" \/>\n<meta name=\"twitter:card\" content=\"summary_large_image\" \/>\n<meta name=\"twitter:label1\" content=\"Est. reading time\" \/>\n\t<meta name=\"twitter:data1\" content=\"1 minute\" \/>\n<script type=\"application\/ld+json\" class=\"yoast-schema-graph\">{\"@context\":\"https:\/\/schema.org\",\"@graph\":[{\"@type\":\"WebPage\",\"@id\":\"https:\/\/www.aptsrl.com\/product\/cercafughe\/\",\"url\":\"https:\/\/www.aptsrl.com\/product\/cercafughe\/\",\"name\":\"Leak detector | APT Srl\",\"isPartOf\":{\"@id\":\"https:\/\/www.aptsrl.com\/#website\"},\"primaryImageOfPage\":{\"@id\":\"https:\/\/www.aptsrl.com\/product\/cercafughe\/#primaryimage\"},\"image\":{\"@id\":\"https:\/\/www.aptsrl.com\/product\/cercafughe\/#primaryimage\"},\"thumbnailUrl\":\"https:\/\/www.aptsrl.com\/analizzatori\/wp-content\/uploads\/2017\/10\/GSP4.jpg\",\"datePublished\":\"2017-10-10T13:44:54+00:00\",\"dateModified\":\"2022-02-21T15:04:07+00:00\",\"description\":\"Ideali per il rilevamento di perdite di gas negli impianti di riscaldamento e controllo temperature. I modelli GSP rilevano anche la pi\u00f9 piccola perdita\",\"breadcrumb\":{\"@id\":\"https:\/\/www.aptsrl.com\/product\/cercafughe\/#breadcrumb\"},\"inLanguage\":\"en-US\",\"potentialAction\":[{\"@type\":\"ReadAction\",\"target\":[\"https:\/\/www.aptsrl.com\/product\/cercafughe\/\"]}]},{\"@type\":\"ImageObject\",\"inLanguage\":\"en-US\",\"@id\":\"https:\/\/www.aptsrl.com\/product\/cercafughe\/#primaryimage\",\"url\":\"https:\/\/www.aptsrl.com\/analizzatori\/wp-content\/uploads\/2017\/10\/GSP4.jpg\",\"contentUrl\":\"https:\/\/www.aptsrl.com\/analizzatori\/wp-content\/uploads\/2017\/10\/GSP4.jpg\",\"width\":640,\"height\":530,\"caption\":\"GSP4\"},{\"@type\":\"BreadcrumbList\",\"@id\":\"https:\/\/www.aptsrl.com\/product\/cercafughe\/#breadcrumb\",\"itemListElement\":[{\"@type\":\"ListItem\",\"position\":1,\"name\":\"Home\",\"item\":\"https:\/\/www.aptsrl.com\/en\/home-2-2\/\"},{\"@type\":\"ListItem\",\"position\":2,\"name\":\"Products\",\"item\":\"https:\/\/www.aptsrl.com\/en\/shop\/\"},{\"@type\":\"ListItem\",\"position\":3,\"name\":\"Leak detector\"}]},{\"@type\":\"WebSite\",\"@id\":\"https:\/\/www.aptsrl.com\/#website\",\"url\":\"https:\/\/www.aptsrl.com\/\",\"name\":\"APT Srl\",\"description\":\"Sistemi integrati e strumenti per l&#039;automazione e l&#039;analisi di gas\",\"publisher\":{\"@id\":\"https:\/\/www.aptsrl.com\/#organization\"},\"potentialAction\":[{\"@type\":\"SearchAction\",\"target\":{\"@type\":\"EntryPoint\",\"urlTemplate\":\"https:\/\/www.aptsrl.com\/?s={search_term_string}\"},\"query-input\":\"required name=search_term_string\"}],\"inLanguage\":\"en-US\"},{\"@type\":\"Organization\",\"@id\":\"https:\/\/www.aptsrl.com\/#organization\",\"name\":\"APT S.r.l\",\"url\":\"https:\/\/www.aptsrl.com\/\",\"logo\":{\"@type\":\"ImageObject\",\"inLanguage\":\"en-US\",\"@id\":\"https:\/\/www.aptsrl.com\/#\/schema\/logo\/image\/\",\"url\":\"https:\/\/www.aptsrl.com\/analizzatori\/wp-content\/uploads\/2020\/04\/5429-APT-srl-Logo-25-anni-Alta-Gradiente.png\",\"contentUrl\":\"https:\/\/www.aptsrl.com\/analizzatori\/wp-content\/uploads\/2020\/04\/5429-APT-srl-Logo-25-anni-Alta-Gradiente.png\",\"width\":595,\"height\":173,\"caption\":\"APT S.r.l\"},\"image\":{\"@id\":\"https:\/\/www.aptsrl.com\/#\/schema\/logo\/image\/\"}}]}<\/script>\n<!-- \/ Yoast SEO plugin. -->","yoast_head_json":{"title":"Leak detector | APT Srl","description":"Ideali per il rilevamento di perdite di gas negli impianti di riscaldamento e controllo temperature. I modelli GSP rilevano anche la pi\u00f9 piccola perdita","robots":{"index":"index","follow":"follow","max-snippet":"max-snippet:-1","max-image-preview":"max-image-preview:large","max-video-preview":"max-video-preview:-1"},"canonical":"https:\/\/www.aptsrl.com\/product\/cercafughe\/","og_locale":"en_US","og_type":"article","og_title":"Leak detector | APT Srl","og_description":"Ideali per il rilevamento di perdite di gas negli impianti di riscaldamento e controllo temperature. I modelli GSP rilevano anche la pi\u00f9 piccola perdita","og_url":"https:\/\/www.aptsrl.com\/product\/cercafughe\/","og_site_name":"APT Srl","article_modified_time":"2022-02-21T15:04:07+00:00","og_image":[{"width":640,"height":530,"url":"https:\/\/www.aptsrl.com\/analizzatori\/wp-content\/uploads\/2017\/10\/GSP4.jpg","type":"image\/jpeg"}],"twitter_card":"summary_large_image","twitter_misc":{"Est. reading time":"1 minute"},"schema":{"@context":"https:\/\/schema.org","@graph":[{"@type":"WebPage","@id":"https:\/\/www.aptsrl.com\/product\/cercafughe\/","url":"https:\/\/www.aptsrl.com\/product\/cercafughe\/","name":"Leak detector | APT Srl","isPartOf":{"@id":"https:\/\/www.aptsrl.com\/#website"},"primaryImageOfPage":{"@id":"https:\/\/www.aptsrl.com\/product\/cercafughe\/#primaryimage"},"image":{"@id":"https:\/\/www.aptsrl.com\/product\/cercafughe\/#primaryimage"},"thumbnailUrl":"https:\/\/www.aptsrl.com\/analizzatori\/wp-content\/uploads\/2017\/10\/GSP4.jpg","datePublished":"2017-10-10T13:44:54+00:00","dateModified":"2022-02-21T15:04:07+00:00","description":"Ideali per il rilevamento di perdite di gas negli impianti di riscaldamento e controllo temperature. I modelli GSP rilevano anche la pi\u00f9 piccola perdita","breadcrumb":{"@id":"https:\/\/www.aptsrl.com\/product\/cercafughe\/#breadcrumb"},"inLanguage":"en-US","potentialAction":[{"@type":"ReadAction","target":["https:\/\/www.aptsrl.com\/product\/cercafughe\/"]}]},{"@type":"ImageObject","inLanguage":"en-US","@id":"https:\/\/www.aptsrl.com\/product\/cercafughe\/#primaryimage","url":"https:\/\/www.aptsrl.com\/analizzatori\/wp-content\/uploads\/2017\/10\/GSP4.jpg","contentUrl":"https:\/\/www.aptsrl.com\/analizzatori\/wp-content\/uploads\/2017\/10\/GSP4.jpg","width":640,"height":530,"caption":"GSP4"},{"@type":"BreadcrumbList","@id":"https:\/\/www.aptsrl.com\/product\/cercafughe\/#breadcrumb","itemListElement":[{"@type":"ListItem","position":1,"name":"Home","item":"https:\/\/www.aptsrl.com\/en\/home-2-2\/"},{"@type":"ListItem","position":2,"name":"Products","item":"https:\/\/www.aptsrl.com\/en\/shop\/"},{"@type":"ListItem","position":3,"name":"Leak detector"}]},{"@type":"WebSite","@id":"https:\/\/www.aptsrl.com\/#website","url":"https:\/\/www.aptsrl.com\/","name":"APT Srl","description":"Sistemi integrati e strumenti per l&#039;automazione e l&#039;analisi di gas","publisher":{"@id":"https:\/\/www.aptsrl.com\/#organization"},"potentialAction":[{"@type":"SearchAction","target":{"@type":"EntryPoint","urlTemplate":"https:\/\/www.aptsrl.com\/?s={search_term_string}"},"query-input":"required name=search_term_string"}],"inLanguage":"en-US"},{"@type":"Organization","@id":"https:\/\/www.aptsrl.com\/#organization","name":"APT S.r.l","url":"https:\/\/www.aptsrl.com\/","logo":{"@type":"ImageObject","inLanguage":"en-US","@id":"https:\/\/www.aptsrl.com\/#\/schema\/logo\/image\/","url":"https:\/\/www.aptsrl.com\/analizzatori\/wp-content\/uploads\/2020\/04\/5429-APT-srl-Logo-25-anni-Alta-Gradiente.png","contentUrl":"https:\/\/www.aptsrl.com\/analizzatori\/wp-content\/uploads\/2020\/04\/5429-APT-srl-Logo-25-anni-Alta-Gradiente.png","width":595,"height":173,"caption":"APT S.r.l"},"image":{"@id":"https:\/\/www.aptsrl.com\/#\/schema\/logo\/image\/"}}]}},"_links":{"self":[{"href":"https:\/\/www.aptsrl.com\/en\/wp-json\/wp\/v2\/product\/2988"}],"collection":[{"href":"https:\/\/www.aptsrl.com\/en\/wp-json\/wp\/v2\/product"}],"about":[{"href":"https:\/\/www.aptsrl.com\/en\/wp-json\/wp\/v2\/types\/product"}],"wp:featuredmedia":[{"embeddable":true,"href":"https:\/\/www.aptsrl.com\/en\/wp-json\/wp\/v2\/media\/7068"}],"wp:attachment":[{"href":"https:\/\/www.aptsrl.com\/en\/wp-json\/wp\/v2\/media?parent=2988"}],"wp:term":[{"taxonomy":"product_cat","embeddable":true,"href":"https:\/\/www.aptsrl.com\/en\/wp-json\/wp\/v2\/product_cat?post=2988"},{"taxonomy":"product_tag","embeddable":true,"href":"https:\/\/www.aptsrl.com\/en\/wp-json\/wp\/v2\/product_tag?post=2988"}],"curies":[{"name":"wp","href":"https:\/\/api.w.org\/{rel}","templated":true}]}}