{"id":7715,"date":"2024-07-19T16:23:56","date_gmt":"2024-07-19T14:23:56","guid":{"rendered":"https:\/\/www.aptsrl.com\/prodotto\/protege-zm-monitor-portatile-monogas\/"},"modified":"2024-07-30T12:45:59","modified_gmt":"2024-07-30T10:45:59","slug":"protege-zm-portable-single-gas-monitor","status":"publish","type":"product","link":"https:\/\/www.aptsrl.com\/en\/product\/protege-zm-portable-single-gas-monitor\/","title":{"rendered":"Prot\u00e9g\u00e9 ZM &#8211; Portable Single Gas Monitor"},"content":{"rendered":"<p>[vc_row][vc_column][vc_column_text]<\/p>\n<p>The Prot\u00e9g\u00e9 ZM\u00a0portable monitor is a compact, ergonomic, high-performance single gas detector.<\/p>\n<p>Its ease of use and maintenance-free operation make it an essential tool for workers and first responders.<\/p>\n<p>It is available in various configurations to detect: <strong>oxygen (O2), carbon monoxide (CO) <\/strong>or <strong>hydrogen sulfide (H2S)<\/strong>.<\/p>\n<p>&nbsp;<\/p>\n<p>FEATURES:<\/p>\n<ul>\n<li>Zero maintenance<\/li>\n<li>Lifetime: 2 years (one year additional operating life for CO and H2S models via the hibernation mode)<\/li>\n<li>Custom or factory-programmed alarm set points<\/li>\n<li>User configurable bump and calibration reminders<\/li>\n<li>Multiple LCD display options<\/li>\n<li>Three point alarms (audible, visual and tactile)<\/li>\n<li>Data-logging capabilities<\/li>\n<\/ul>\n<p>&nbsp;<\/p>\n<p>[\/vc_column_text][\/vc_column][\/vc_row][vc_row][vc_column][vc_btn title=&#8221;DATASHEET&#8221; color=&#8221;primary&#8221; link=&#8221;url:https%3A%2F%2Fwww.aptsrl.com%2Fanalizzatori%2Fwp-content%2Fuploads%2F2024%2F07%2FPROTEGE-ZM_brochure_EN.pdf||target:%20_blank|&#8221;][\/vc_column][\/vc_row]<\/p>\n","protected":false},"excerpt":{"rendered":"<p>[vc_row][vc_column][vc_column_text] The Prot\u00e9g\u00e9 ZM\u00a0portable monitor is a compact, ergonomic, high-performance single gas detector. Its ease of use and maintenance-free operation make it an essential tool for workers and first responders. It is available in various configurations to detect: oxygen (O2), carbon monoxide (CO) or hydrogen sulfide (H2S). &nbsp; FEATURES: Zero maintenance Lifetime: 2 years (one [&hellip;]<\/p>\n","protected":false},"featured_media":7702,"template":"","meta":{"_acf_changed":false},"product_cat":[441,783],"product_tag":[],"class_list":["post-7715","product","type-product","status-publish","has-post-thumbnail","hentry","product_cat-fire-gas-detectors","product_cat-portable-gas-detectors-en"],"acf":[],"yoast_head":"<!-- This site is optimized with the Yoast SEO plugin v23.3 - https:\/\/yoast.com\/wordpress\/plugins\/seo\/ -->\n<title>Prot\u00e9g\u00e9 ZM - Portable Single Gas Monitor | APT Srl<\/title>\n<meta name=\"description\" content=\"The Prot\u00e9g\u00e9 ZM single gas monitor is an easy-to-use, zero maintenance gas detector available for O2, CO2 e H2S.\" \/>\n<meta name=\"robots\" content=\"index, follow, max-snippet:-1, max-image-preview:large, max-video-preview:-1\" \/>\n<link rel=\"canonical\" href=\"https:\/\/www.aptsrl.com\/en\/product\/protege-zm-portable-single-gas-monitor\/\" \/>\n<meta property=\"og:locale\" content=\"en_US\" \/>\n<meta property=\"og:type\" content=\"article\" \/>\n<meta property=\"og:title\" content=\"Prot\u00e9g\u00e9 ZM - Portable Single Gas Monitor | APT Srl\" \/>\n<meta property=\"og:description\" content=\"The Prot\u00e9g\u00e9 ZM single gas monitor is an easy-to-use, zero maintenance gas detector available for O2, CO2 e H2S.\" \/>\n<meta property=\"og:url\" content=\"https:\/\/www.aptsrl.com\/en\/product\/protege-zm-portable-single-gas-monitor\/\" \/>\n<meta property=\"og:site_name\" content=\"APT Srl\" \/>\n<meta property=\"article:modified_time\" content=\"2024-07-30T10:45:59+00:00\" \/>\n<meta property=\"og:image\" content=\"https:\/\/www.aptsrl.com\/analizzatori\/wp-content\/uploads\/2024\/07\/protege-zm-1-e1721398899533.png\" \/>\n\t<meta property=\"og:image:width\" content=\"580\" \/>\n\t<meta property=\"og:image:height\" content=\"719\" \/>\n\t<meta property=\"og:image:type\" content=\"image\/png\" \/>\n<meta name=\"twitter:card\" content=\"summary_large_image\" \/>\n<meta name=\"twitter:label1\" content=\"Est. reading time\" \/>\n\t<meta name=\"twitter:data1\" content=\"1 minute\" \/>\n<script type=\"application\/ld+json\" class=\"yoast-schema-graph\">{\"@context\":\"https:\/\/schema.org\",\"@graph\":[{\"@type\":\"WebPage\",\"@id\":\"https:\/\/www.aptsrl.com\/en\/product\/protege-zm-portable-single-gas-monitor\/\",\"url\":\"https:\/\/www.aptsrl.com\/en\/product\/protege-zm-portable-single-gas-monitor\/\",\"name\":\"Prot\u00e9g\u00e9 ZM - Portable Single Gas Monitor | APT Srl\",\"isPartOf\":{\"@id\":\"https:\/\/www.aptsrl.com\/#website\"},\"primaryImageOfPage\":{\"@id\":\"https:\/\/www.aptsrl.com\/en\/product\/protege-zm-portable-single-gas-monitor\/#primaryimage\"},\"image\":{\"@id\":\"https:\/\/www.aptsrl.com\/en\/product\/protege-zm-portable-single-gas-monitor\/#primaryimage\"},\"thumbnailUrl\":\"https:\/\/www.aptsrl.com\/analizzatori\/wp-content\/uploads\/2024\/07\/protege-zm-1-e1721398899533.png\",\"datePublished\":\"2024-07-19T14:23:56+00:00\",\"dateModified\":\"2024-07-30T10:45:59+00:00\",\"description\":\"The Prot\u00e9g\u00e9 ZM single gas monitor is an easy-to-use, zero maintenance gas detector available for O2, CO2 e H2S.\",\"breadcrumb\":{\"@id\":\"https:\/\/www.aptsrl.com\/en\/product\/protege-zm-portable-single-gas-monitor\/#breadcrumb\"},\"inLanguage\":\"en-US\",\"potentialAction\":[{\"@type\":\"ReadAction\",\"target\":[\"https:\/\/www.aptsrl.com\/en\/product\/protege-zm-portable-single-gas-monitor\/\"]}]},{\"@type\":\"ImageObject\",\"inLanguage\":\"en-US\",\"@id\":\"https:\/\/www.aptsrl.com\/en\/product\/protege-zm-portable-single-gas-monitor\/#primaryimage\",\"url\":\"https:\/\/www.aptsrl.com\/analizzatori\/wp-content\/uploads\/2024\/07\/protege-zm-1-e1721398899533.png\",\"contentUrl\":\"https:\/\/www.aptsrl.com\/analizzatori\/wp-content\/uploads\/2024\/07\/protege-zm-1-e1721398899533.png\",\"width\":580,\"height\":719,\"caption\":\"protege zm 1 e1721398899533\"},{\"@type\":\"BreadcrumbList\",\"@id\":\"https:\/\/www.aptsrl.com\/en\/product\/protege-zm-portable-single-gas-monitor\/#breadcrumb\",\"itemListElement\":[{\"@type\":\"ListItem\",\"position\":1,\"name\":\"Home\",\"item\":\"https:\/\/www.aptsrl.com\/en\/home-2-2\/\"},{\"@type\":\"ListItem\",\"position\":2,\"name\":\"Products\",\"item\":\"https:\/\/www.aptsrl.com\/en\/shop\/\"},{\"@type\":\"ListItem\",\"position\":3,\"name\":\"Prot\u00e9g\u00e9 ZM &#8211; Portable Single Gas Monitor\"}]},{\"@type\":\"WebSite\",\"@id\":\"https:\/\/www.aptsrl.com\/#website\",\"url\":\"https:\/\/www.aptsrl.com\/\",\"name\":\"APT Srl\",\"description\":\"Sistemi integrati e strumenti per l&#039;automazione e l&#039;analisi di gas\",\"publisher\":{\"@id\":\"https:\/\/www.aptsrl.com\/#organization\"},\"potentialAction\":[{\"@type\":\"SearchAction\",\"target\":{\"@type\":\"EntryPoint\",\"urlTemplate\":\"https:\/\/www.aptsrl.com\/?s={search_term_string}\"},\"query-input\":\"required name=search_term_string\"}],\"inLanguage\":\"en-US\"},{\"@type\":\"Organization\",\"@id\":\"https:\/\/www.aptsrl.com\/#organization\",\"name\":\"APT S.r.l\",\"url\":\"https:\/\/www.aptsrl.com\/\",\"logo\":{\"@type\":\"ImageObject\",\"inLanguage\":\"en-US\",\"@id\":\"https:\/\/www.aptsrl.com\/#\/schema\/logo\/image\/\",\"url\":\"https:\/\/www.aptsrl.com\/analizzatori\/wp-content\/uploads\/2020\/04\/5429-APT-srl-Logo-25-anni-Alta-Gradiente.png\",\"contentUrl\":\"https:\/\/www.aptsrl.com\/analizzatori\/wp-content\/uploads\/2020\/04\/5429-APT-srl-Logo-25-anni-Alta-Gradiente.png\",\"width\":595,\"height\":173,\"caption\":\"APT S.r.l\"},\"image\":{\"@id\":\"https:\/\/www.aptsrl.com\/#\/schema\/logo\/image\/\"}}]}<\/script>\n<!-- \/ Yoast SEO plugin. -->","yoast_head_json":{"title":"Prot\u00e9g\u00e9 ZM - Portable Single Gas Monitor | APT Srl","description":"The Prot\u00e9g\u00e9 ZM single gas monitor is an easy-to-use, zero maintenance gas detector available for O2, CO2 e H2S.","robots":{"index":"index","follow":"follow","max-snippet":"max-snippet:-1","max-image-preview":"max-image-preview:large","max-video-preview":"max-video-preview:-1"},"canonical":"https:\/\/www.aptsrl.com\/en\/product\/protege-zm-portable-single-gas-monitor\/","og_locale":"en_US","og_type":"article","og_title":"Prot\u00e9g\u00e9 ZM - Portable Single Gas Monitor | APT Srl","og_description":"The Prot\u00e9g\u00e9 ZM single gas monitor is an easy-to-use, zero maintenance gas detector available for O2, CO2 e H2S.","og_url":"https:\/\/www.aptsrl.com\/en\/product\/protege-zm-portable-single-gas-monitor\/","og_site_name":"APT Srl","article_modified_time":"2024-07-30T10:45:59+00:00","og_image":[{"width":580,"height":719,"url":"https:\/\/www.aptsrl.com\/analizzatori\/wp-content\/uploads\/2024\/07\/protege-zm-1-e1721398899533.png","type":"image\/png"}],"twitter_card":"summary_large_image","twitter_misc":{"Est. reading time":"1 minute"},"schema":{"@context":"https:\/\/schema.org","@graph":[{"@type":"WebPage","@id":"https:\/\/www.aptsrl.com\/en\/product\/protege-zm-portable-single-gas-monitor\/","url":"https:\/\/www.aptsrl.com\/en\/product\/protege-zm-portable-single-gas-monitor\/","name":"Prot\u00e9g\u00e9 ZM - Portable Single Gas Monitor | APT Srl","isPartOf":{"@id":"https:\/\/www.aptsrl.com\/#website"},"primaryImageOfPage":{"@id":"https:\/\/www.aptsrl.com\/en\/product\/protege-zm-portable-single-gas-monitor\/#primaryimage"},"image":{"@id":"https:\/\/www.aptsrl.com\/en\/product\/protege-zm-portable-single-gas-monitor\/#primaryimage"},"thumbnailUrl":"https:\/\/www.aptsrl.com\/analizzatori\/wp-content\/uploads\/2024\/07\/protege-zm-1-e1721398899533.png","datePublished":"2024-07-19T14:23:56+00:00","dateModified":"2024-07-30T10:45:59+00:00","description":"The Prot\u00e9g\u00e9 ZM single gas monitor is an easy-to-use, zero maintenance gas detector available for O2, CO2 e H2S.","breadcrumb":{"@id":"https:\/\/www.aptsrl.com\/en\/product\/protege-zm-portable-single-gas-monitor\/#breadcrumb"},"inLanguage":"en-US","potentialAction":[{"@type":"ReadAction","target":["https:\/\/www.aptsrl.com\/en\/product\/protege-zm-portable-single-gas-monitor\/"]}]},{"@type":"ImageObject","inLanguage":"en-US","@id":"https:\/\/www.aptsrl.com\/en\/product\/protege-zm-portable-single-gas-monitor\/#primaryimage","url":"https:\/\/www.aptsrl.com\/analizzatori\/wp-content\/uploads\/2024\/07\/protege-zm-1-e1721398899533.png","contentUrl":"https:\/\/www.aptsrl.com\/analizzatori\/wp-content\/uploads\/2024\/07\/protege-zm-1-e1721398899533.png","width":580,"height":719,"caption":"protege zm 1 e1721398899533"},{"@type":"BreadcrumbList","@id":"https:\/\/www.aptsrl.com\/en\/product\/protege-zm-portable-single-gas-monitor\/#breadcrumb","itemListElement":[{"@type":"ListItem","position":1,"name":"Home","item":"https:\/\/www.aptsrl.com\/en\/home-2-2\/"},{"@type":"ListItem","position":2,"name":"Products","item":"https:\/\/www.aptsrl.com\/en\/shop\/"},{"@type":"ListItem","position":3,"name":"Prot\u00e9g\u00e9 ZM &#8211; Portable Single Gas Monitor"}]},{"@type":"WebSite","@id":"https:\/\/www.aptsrl.com\/#website","url":"https:\/\/www.aptsrl.com\/","name":"APT Srl","description":"Sistemi integrati e strumenti per l&#039;automazione e l&#039;analisi di gas","publisher":{"@id":"https:\/\/www.aptsrl.com\/#organization"},"potentialAction":[{"@type":"SearchAction","target":{"@type":"EntryPoint","urlTemplate":"https:\/\/www.aptsrl.com\/?s={search_term_string}"},"query-input":"required name=search_term_string"}],"inLanguage":"en-US"},{"@type":"Organization","@id":"https:\/\/www.aptsrl.com\/#organization","name":"APT S.r.l","url":"https:\/\/www.aptsrl.com\/","logo":{"@type":"ImageObject","inLanguage":"en-US","@id":"https:\/\/www.aptsrl.com\/#\/schema\/logo\/image\/","url":"https:\/\/www.aptsrl.com\/analizzatori\/wp-content\/uploads\/2020\/04\/5429-APT-srl-Logo-25-anni-Alta-Gradiente.png","contentUrl":"https:\/\/www.aptsrl.com\/analizzatori\/wp-content\/uploads\/2020\/04\/5429-APT-srl-Logo-25-anni-Alta-Gradiente.png","width":595,"height":173,"caption":"APT S.r.l"},"image":{"@id":"https:\/\/www.aptsrl.com\/#\/schema\/logo\/image\/"}}]}},"_links":{"self":[{"href":"https:\/\/www.aptsrl.com\/en\/wp-json\/wp\/v2\/product\/7715"}],"collection":[{"href":"https:\/\/www.aptsrl.com\/en\/wp-json\/wp\/v2\/product"}],"about":[{"href":"https:\/\/www.aptsrl.com\/en\/wp-json\/wp\/v2\/types\/product"}],"wp:featuredmedia":[{"embeddable":true,"href":"https:\/\/www.aptsrl.com\/en\/wp-json\/wp\/v2\/media\/7702"}],"wp:attachment":[{"href":"https:\/\/www.aptsrl.com\/en\/wp-json\/wp\/v2\/media?parent=7715"}],"wp:term":[{"taxonomy":"product_cat","embeddable":true,"href":"https:\/\/www.aptsrl.com\/en\/wp-json\/wp\/v2\/product_cat?post=7715"},{"taxonomy":"product_tag","embeddable":true,"href":"https:\/\/www.aptsrl.com\/en\/wp-json\/wp\/v2\/product_tag?post=7715"}],"curies":[{"name":"wp","href":"https:\/\/api.w.org\/{rel}","templated":true}]}}